{"id":106,"date":"2014-12-12T22:13:44","date_gmt":"2014-12-12T21:13:44","guid":{"rendered":"http:\/\/www.footonomics.de\/?page_id=106"},"modified":"2021-06-07T19:02:16","modified_gmt":"2021-06-07T18:02:16","slug":"geschaeftsberichte","status":"publish","type":"page","link":"http:\/\/www.tus-waldfeucht.de\/?page_id=106","title":{"rendered":"Spieltermine"},"content":{"rendered":"<h4>Medenspiele:<\/h4>\n<p>Informationen zu unseren Mannschaften und s\u00e4mtliche Termine unseres Vereins (beim TVM Vereinsnummer 1168) findet man auf der Internetseite des\u00a0<a href=\"http:\/\/tvm.liga.nu\/cgi-bin\/WebObjects\/nuLigaTENDE.woa\/wa\/verein?verband=TVM&amp;vereinsnummer=1168\" target=\"_blank\" rel=\"external noopener noreferrer\">Tennisverband Mittelrhein<\/a>.<\/p>\n<h4>Training:<\/h4>\n<p>Der Platz stellt den Mitgliedern die Pl\u00e4tze zum Training zur Verf\u00fcgung. Aktuelle Trainingsgruppen \/ Trainingszeiten im Sommer erhalten Sie auf Anfrage \u00fcber info@tus-waldfeucht.de. Trainingsstunden k\u00f6nnen jederzeit individuell mit unserem Trainer Dario (Handy Nr.: 0157 39405021) vereinbart werden.<\/p>\n<h4>Regelm\u00e4\u00dfige Spieltermine:<\/h4>\n<p>Die Damen treffen sich im Sommer jeden Montag Abend zum Spielen. Die Herren dienstags (Gruppe &#8222;U50&#8220;) und mittwochs (Gruppe &#8222;\u00dc50&#8220;). Der Verein veranstaltet sowohl in der Sommer- als auch der Wintersaison regelm\u00e4\u00dfig Mixed-Turniere. Die Termine werden rechtzeitig hier bekannt gegeben.<\/p>\n","protected":false},"excerpt":{"rendered":"<p>Medenspiele: Informationen zu unseren Mannschaften und s\u00e4mtliche Termine unseres Vereins (beim TVM Vereinsnummer 1168) findet man auf der Internetseite des\u00a0Tennisverband Mittelrhein. Training: Der Platz stellt den Mitgliedern die Pl\u00e4tze zum Training zur Verf\u00fcgung. Aktuelle Trainingsgruppen \/ Trainingszeiten im Sommer erhalten Sie auf Anfrage \u00fcber info@tus-waldfeucht.de. Trainingsstunden k\u00f6nnen jederzeit individuell mit unserem Trainer Dario (Handy Nr.: <a class=\"more-link\" href=\"http:\/\/www.tus-waldfeucht.de\/?page_id=106\">Weiterlesen&#8230;<\/a><\/p>\n","protected":false},"author":1,"featured_media":288,"parent":0,"menu_order":0,"comment_status":"closed","ping_status":"closed","template":"","meta":{"footnotes":""},"_links":{"self":[{"href":"http:\/\/www.tus-waldfeucht.de\/index.php?rest_route=\/wp\/v2\/pages\/106"}],"collection":[{"href":"http:\/\/www.tus-waldfeucht.de\/index.php?rest_route=\/wp\/v2\/pages"}],"about":[{"href":"http:\/\/www.tus-waldfeucht.de\/index.php?rest_route=\/wp\/v2\/types\/page"}],"author":[{"embeddable":true,"href":"http:\/\/www.tus-waldfeucht.de\/index.php?rest_route=\/wp\/v2\/users\/1"}],"replies":[{"embeddable":true,"href":"http:\/\/www.tus-waldfeucht.de\/index.php?rest_route=%2Fwp%2Fv2%2Fcomments&post=106"}],"version-history":[{"count":33,"href":"http:\/\/www.tus-waldfeucht.de\/index.php?rest_route=\/wp\/v2\/pages\/106\/revisions"}],"predecessor-version":[{"id":639,"href":"http:\/\/www.tus-waldfeucht.de\/index.php?rest_route=\/wp\/v2\/pages\/106\/revisions\/639"}],"wp:featuredmedia":[{"embeddable":true,"href":"http:\/\/www.tus-waldfeucht.de\/index.php?rest_route=\/wp\/v2\/media\/288"}],"wp:attachment":[{"href":"http:\/\/www.tus-waldfeucht.de\/index.php?rest_route=%2Fwp%2Fv2%2Fmedia&parent=106"}],"curies":[{"name":"wp","href":"https:\/\/api.w.org\/{rel}","templated":true}]}}