{"id":248,"date":"2016-02-16T20:37:36","date_gmt":"2016-02-16T18:37:36","guid":{"rendered":"http:\/\/www.tus-waldfeucht.de\/?page_id=248"},"modified":"2016-04-14T11:14:49","modified_gmt":"2016-04-14T10:14:49","slug":"anlage","status":"publish","type":"page","link":"http:\/\/www.tus-waldfeucht.de\/?page_id=248","title":{"rendered":"\u00dcber uns"},"content":{"rendered":"<p>Der Tennisverein TuS Freizeitpark Waldfeucht e.V. wurde 1971 gegr\u00fcndet. 1979 fand die Einweihung der Tennisanlage zwischen Waldfeucht und Br\u00fcggelchen mit den bis heute bestehenden drei Pl\u00e4tzen statt.<\/p>\n<p><img loading=\"lazy\" decoding=\"async\" class=\"alignnone wp-image-262 \" src=\"http:\/\/www.tus-waldfeucht.de\/wp-content\/uploads\/2016\/02\/TuS-005-300x225.jpg\" alt=\"TuS 005\" width=\"200\" height=\"150\" srcset=\"http:\/\/www.tus-waldfeucht.de\/wp-content\/uploads\/2016\/02\/TuS-005-300x225.jpg 300w, http:\/\/www.tus-waldfeucht.de\/wp-content\/uploads\/2016\/02\/TuS-005-768x576.jpg 768w, http:\/\/www.tus-waldfeucht.de\/wp-content\/uploads\/2016\/02\/TuS-005-1024x768.jpg 1024w\" sizes=\"(max-width: 200px) 100vw, 200px\" \/>\u00a0<img loading=\"lazy\" decoding=\"async\" class=\"alignnone wp-image-261\" src=\"http:\/\/www.tus-waldfeucht.de\/wp-content\/uploads\/2016\/02\/TuS-001-300x225.jpg\" alt=\"TuS 001\" width=\"200\" height=\"150\" srcset=\"http:\/\/www.tus-waldfeucht.de\/wp-content\/uploads\/2016\/02\/TuS-001-300x225.jpg 300w, http:\/\/www.tus-waldfeucht.de\/wp-content\/uploads\/2016\/02\/TuS-001-768x576.jpg 768w, http:\/\/www.tus-waldfeucht.de\/wp-content\/uploads\/2016\/02\/TuS-001-1024x768.jpg 1024w\" sizes=\"(max-width: 200px) 100vw, 200px\" \/> <img loading=\"lazy\" decoding=\"async\" class=\"alignnone wp-image-266\" src=\"http:\/\/www.tus-waldfeucht.de\/wp-content\/uploads\/2016\/02\/TuS-011-2-300x225.jpg\" alt=\"TuS 011\" width=\"200\" height=\"150\" srcset=\"http:\/\/www.tus-waldfeucht.de\/wp-content\/uploads\/2016\/02\/TuS-011-2-300x225.jpg 300w, http:\/\/www.tus-waldfeucht.de\/wp-content\/uploads\/2016\/02\/TuS-011-2-768x576.jpg 768w, http:\/\/www.tus-waldfeucht.de\/wp-content\/uploads\/2016\/02\/TuS-011-2-1024x768.jpg 1024w\" sizes=\"(max-width: 200px) 100vw, 200px\" \/><\/p>\n<p>Das neue, moderne Clubhaus wurde, vor allem dank tatkr\u00e4ftiger Unterst\u00fctzung vieler Mitglieder, im Jahr 2003 nach nur einj\u00e4hriger Bauzeit fertiggestellt. Heute bietet es den Mitgliedern und G\u00e4sten das perfekte Ambiente, um nach dem Spiel auch neben dem Platz zu gl\u00e4nzen.<\/p>\n<p>Der Verein hat zur Zeit insgesamt ca. 120 Mitglieder. Er stellt aktuell in der Sommersaison diverse Mannschaften im Damen und Herren Bereich.<\/p>\n<p><img loading=\"lazy\" decoding=\"async\" class=\"alignnone wp-image-264 \" src=\"http:\/\/www.tus-waldfeucht.de\/wp-content\/uploads\/2016\/02\/TuS-010-300x225.jpg\" alt=\"TuS 010\" width=\"200\" height=\"150\" srcset=\"http:\/\/www.tus-waldfeucht.de\/wp-content\/uploads\/2016\/02\/TuS-010-300x225.jpg 300w, http:\/\/www.tus-waldfeucht.de\/wp-content\/uploads\/2016\/02\/TuS-010-768x576.jpg 768w, http:\/\/www.tus-waldfeucht.de\/wp-content\/uploads\/2016\/02\/TuS-010-1024x768.jpg 1024w\" sizes=\"(max-width: 200px) 100vw, 200px\" \/> <img loading=\"lazy\" decoding=\"async\" class=\"alignnone wp-image-268 \" src=\"http:\/\/www.tus-waldfeucht.de\/wp-content\/uploads\/2016\/02\/TuS-016-300x225.jpg\" alt=\"TuS 016\" width=\"200\" height=\"150\" srcset=\"http:\/\/www.tus-waldfeucht.de\/wp-content\/uploads\/2016\/02\/TuS-016-300x225.jpg 300w, http:\/\/www.tus-waldfeucht.de\/wp-content\/uploads\/2016\/02\/TuS-016-768x576.jpg 768w, http:\/\/www.tus-waldfeucht.de\/wp-content\/uploads\/2016\/02\/TuS-016-1024x768.jpg 1024w\" sizes=\"(max-width: 200px) 100vw, 200px\" \/> <img loading=\"lazy\" decoding=\"async\" class=\"alignnone wp-image-274 \" src=\"http:\/\/www.tus-waldfeucht.de\/wp-content\/uploads\/2016\/02\/IMG_20150419_140410-300x225.jpg\" alt=\"IMG_20150419_140410\" width=\"200\" height=\"150\" srcset=\"http:\/\/www.tus-waldfeucht.de\/wp-content\/uploads\/2016\/02\/IMG_20150419_140410-300x225.jpg 300w, http:\/\/www.tus-waldfeucht.de\/wp-content\/uploads\/2016\/02\/IMG_20150419_140410-768x576.jpg 768w, http:\/\/www.tus-waldfeucht.de\/wp-content\/uploads\/2016\/02\/IMG_20150419_140410-1024x768.jpg 1024w\" sizes=\"(max-width: 200px) 100vw, 200px\" \/><\/p>\n<p>&nbsp;<\/p>\n","protected":false},"excerpt":{"rendered":"<p>Der Tennisverein TuS Freizeitpark Waldfeucht e.V. wurde 1971 gegr\u00fcndet. 1979 fand die Einweihung der Tennisanlage zwischen Waldfeucht und Br\u00fcggelchen mit den bis heute bestehenden drei Pl\u00e4tzen statt. \u00a0 Das neue, moderne Clubhaus wurde, vor allem dank tatkr\u00e4ftiger Unterst\u00fctzung vieler Mitglieder, im Jahr 2003 nach nur einj\u00e4hriger Bauzeit fertiggestellt. Heute bietet es den Mitgliedern und G\u00e4sten <a class=\"more-link\" href=\"http:\/\/www.tus-waldfeucht.de\/?page_id=248\">Weiterlesen&#8230;<\/a><\/p>\n","protected":false},"author":1,"featured_media":260,"parent":0,"menu_order":0,"comment_status":"closed","ping_status":"closed","template":"","meta":{"footnotes":""},"_links":{"self":[{"href":"http:\/\/www.tus-waldfeucht.de\/index.php?rest_route=\/wp\/v2\/pages\/248"}],"collection":[{"href":"http:\/\/www.tus-waldfeucht.de\/index.php?rest_route=\/wp\/v2\/pages"}],"about":[{"href":"http:\/\/www.tus-waldfeucht.de\/index.php?rest_route=\/wp\/v2\/types\/page"}],"author":[{"embeddable":true,"href":"http:\/\/www.tus-waldfeucht.de\/index.php?rest_route=\/wp\/v2\/users\/1"}],"replies":[{"embeddable":true,"href":"http:\/\/www.tus-waldfeucht.de\/index.php?rest_route=%2Fwp%2Fv2%2Fcomments&post=248"}],"version-history":[{"count":9,"href":"http:\/\/www.tus-waldfeucht.de\/index.php?rest_route=\/wp\/v2\/pages\/248\/revisions"}],"predecessor-version":[{"id":425,"href":"http:\/\/www.tus-waldfeucht.de\/index.php?rest_route=\/wp\/v2\/pages\/248\/revisions\/425"}],"wp:featuredmedia":[{"embeddable":true,"href":"http:\/\/www.tus-waldfeucht.de\/index.php?rest_route=\/wp\/v2\/media\/260"}],"wp:attachment":[{"href":"http:\/\/www.tus-waldfeucht.de\/index.php?rest_route=%2Fwp%2Fv2%2Fmedia&parent=248"}],"curies":[{"name":"wp","href":"https:\/\/api.w.org\/{rel}","templated":true}]}}