{"id":65,"date":"2014-11-30T09:39:36","date_gmt":"2014-11-30T08:39:36","guid":{"rendered":"http:\/\/www.footonomics.de\/?page_id=65"},"modified":"2016-04-14T16:38:22","modified_gmt":"2016-04-14T15:38:22","slug":"kontakt","status":"publish","type":"page","link":"https:\/\/www.tus-waldfeucht.de\/?page_id=65","title":{"rendered":"Kontakt"},"content":{"rendered":"<h4><span style=\"text-decoration: underline;\">Ansprechpartner<\/span><\/h4>\n<p><strong>Vorsitzender:<\/strong><br \/>\nMichael Borg<br \/>\nEmail: info@tus-waldfeucht.de<\/p>\n<p><strong>F\u00fcr Anmeldung:<\/strong><br \/>\nManfred Rulands<br \/>\nBrabanter Str. 123<br \/>\n52525 Waldfeucht<br \/>\nTel.: 02455\/2232<br \/>\nEmail: info@tus-waldfeucht.de<\/p>\n<p><strong>Webmaster:<\/strong><br \/>\nVeit Rulands<br \/>\nEmail: webmaster@tus-waldfeucht.de<\/p>\n<h4><span style=\"text-decoration: underline;\">Unsere Anlage<\/span><\/h4>\n<p>Unsere von B\u00e4umen umgebene Anlage liegt von Waldfeucht kommend direkt vor dem Ortseingang von Br\u00fcggelchen und in der N\u00e4he des &#8222;Restaurant am Bolleberg&#8220; (siehe Karte unten). Direkt vor der Anlage befinden sich ausreichend Parkm\u00f6glichkeiten.<\/p>\n<p><strong>Unsere Adresse:<\/strong><br \/>\nTuS Freizeitpark Waldfeucht e.V.<br \/>\nVogteistra\u00dfe 35<br \/>\n52525 Waldfeucht<\/p>\n<p><iframe loading=\"lazy\" style=\"border: 0;\" src=\"https:\/\/www.google.com\/maps\/embed?pb=!1m14!1m8!1m3!1d11829.537769357152!2d6.00009824820849!3d51.07299154629224!3m2!1i1024!2i768!4f13.1!3m3!1m2!1s0x47c0b12622ebd365%3A0x103bc2c4b8f4add4!2sTuS+Freizeitpark+Waldfeucht+e.V.!5e1!3m2!1sde!2sde!4v1399308522219\" width=\"760\" height=\"400\" frameborder=\"0\"><\/iframe><\/p>\n","protected":false},"excerpt":{"rendered":"<p>Ansprechpartner Vorsitzender: Michael Borg Email: info@tus-waldfeucht.de F\u00fcr Anmeldung: Manfred Rulands Brabanter Str. 123 52525 Waldfeucht Tel.: 02455\/2232 Email: info@tus-waldfeucht.de Webmaster: Veit Rulands Email: webmaster@tus-waldfeucht.de Unsere Anlage Unsere von B\u00e4umen umgebene Anlage liegt von Waldfeucht kommend direkt vor dem Ortseingang von Br\u00fcggelchen und in der N\u00e4he des &#8222;Restaurant am Bolleberg&#8220; (siehe Karte unten). Direkt vor der <a class=\"more-link\" href=\"https:\/\/www.tus-waldfeucht.de\/?page_id=65\">Weiterlesen&#8230;<\/a><\/p>\n","protected":false},"author":1,"featured_media":0,"parent":0,"menu_order":0,"comment_status":"closed","ping_status":"closed","template":"","meta":{"footnotes":""},"_links":{"self":[{"href":"https:\/\/www.tus-waldfeucht.de\/index.php?rest_route=\/wp\/v2\/pages\/65"}],"collection":[{"href":"https:\/\/www.tus-waldfeucht.de\/index.php?rest_route=\/wp\/v2\/pages"}],"about":[{"href":"https:\/\/www.tus-waldfeucht.de\/index.php?rest_route=\/wp\/v2\/types\/page"}],"author":[{"embeddable":true,"href":"https:\/\/www.tus-waldfeucht.de\/index.php?rest_route=\/wp\/v2\/users\/1"}],"replies":[{"embeddable":true,"href":"https:\/\/www.tus-waldfeucht.de\/index.php?rest_route=%2Fwp%2Fv2%2Fcomments&post=65"}],"version-history":[{"count":11,"href":"https:\/\/www.tus-waldfeucht.de\/index.php?rest_route=\/wp\/v2\/pages\/65\/revisions"}],"predecessor-version":[{"id":255,"href":"https:\/\/www.tus-waldfeucht.de\/index.php?rest_route=\/wp\/v2\/pages\/65\/revisions\/255"}],"wp:attachment":[{"href":"https:\/\/www.tus-waldfeucht.de\/index.php?rest_route=%2Fwp%2Fv2%2Fmedia&parent=65"}],"curies":[{"name":"wp","href":"https:\/\/api.w.org\/{rel}","templated":true}]}}